{"id":830,"date":"2019-10-04T20:39:15","date_gmt":"2019-10-04T23:39:15","guid":{"rendered":"https:\/\/ifdccatriel-rng.infd.edu.ar\/sitio\/?page_id=830"},"modified":"2024-08-21T20:10:42","modified_gmt":"2024-08-21T23:10:42","slug":"profesorado-de-nivel-inicial","status":"publish","type":"page","link":"https:\/\/ifdccatriel-rng.infd.edu.ar\/sitio\/profesorado-de-nivel-inicial\/","title":{"rendered":"Profesorado de Nivel Inicial"},"content":{"rendered":"<p><strong>Acerca de la Educaci\u00f3n Inicial, su finalidad en la Formaci\u00f3n Docente<\/strong><\/p>\n<p>La formaci\u00f3n docente consiste en un proceso de construcci\u00f3n de sujetos \u00e9ticos, pol\u00edticos, comprometidos socialmente mediante su propio pensar, sentir y hacer con la Educaci\u00f3n Inicial. Esta construcci\u00f3n reflexiva implica una toma de conciencia a fin de recuperar el sentido del conocimiento y la comprensi\u00f3n de sus propias circunstancias en un contexto social, hist\u00f3rico y pol\u00edtico.<br \/>\nDesde esta perspectiva, la ense\u00f1anza en el Nivel Inicial adquiere caracter\u00edsticas singulares, en tanto no debe ser concebida como preparaci\u00f3n para el siguiente nivel educativo, imitando sus formas y m\u00e9todos, sino desde la conjugaci\u00f3n entre el juego y la aproximaci\u00f3n a campos de experiencias organizados de diferentes modos, desde fundamentos educativos que respondan a las demandas propias de los modos de aprender, de conocer y a los tiempos de crianza en la configuraci\u00f3n como sujeto desde la primera infancia.<br \/>\nConcebir la Educaci\u00f3n Inicial de esta manera supone asumir una responsabilidad \u00e9tica, pol\u00edtica, social y pedag\u00f3gica de acoger, acompa\u00f1ar y sostener a las familias en la crianza y la educaci\u00f3n. De esta manera la tarea entre las instituciones de educaci\u00f3n inicial, familias y otras instituciones de la sociedad civil promueve un encuentro de saberes aportado por la diversidad de perspectivas y multiplicidad de miradas (Soto y Violante, 2008)2.<\/p>\n<div id=\"sdfootnote1\">\n<h5><\/h5>\n<h6>\u00a0PLAN DE ESTUDIOS:<\/h6>\n<p>Profesorado de Educaci\u00f3n Inicial Resol. N\u00ba 4242\/15<\/p>\n<p>Resoluci\u00f3n: 008\/22<\/p>\n<h6><a title=\"correlatividades inicial 4242\" href=\"https:\/\/ifdccatriel-rng.infd.edu.ar\/sitio\/wp-content\/uploads\/2024\/08\/Disp-No-008-22-Regimen-de-correlatividad-Prof-Nivel-Inicial-1.pdf\" target=\"_blank\" rel=\"noopener\">Correlatividades\u00a0<\/a><\/h6>\n<h5><span lang=\"es-AR\">\u00a0<img decoding=\"async\" src=\"https:\/\/ifdbariloche-rng.infd.edu.ar\/sitio\/wp-content\/uploads\/2018\/07\/mapa_curricular_inicial_4242.png\" border=\"0\" \/><\/span><\/h5>\n<\/div>\n<p>PERFIL DEL EGRESADO<\/p>\n<p><strong>(seg\u00fan especificado en el Dise\u00f1o cirricular vigente)<\/strong><\/p>\n<p>El\/la docente de Educaci\u00f3n Inicial debe ser capaz de reconocer y trabajar con la diversidad, con las m\u00faltiples infancias y con las configuraciones sociales y familiares que se presentan en el contexto que lo rodea. Debe ser un\/a docente que aborde la ense\u00f1anza en tanto pr\u00e1ctica social y pol\u00edtica situada. Es decir, un\/a profesional que pueda asumir los cambios sociales para construir una nueva instituci\u00f3n en virtud de los contextos en los que se halla inmerso.<\/p>\n<p>La ense\u00f1anza a ni\u00f1os\/ni\u00f1as menores de seis a\u00f1os requiere a su vez, de un\/a docente que pueda estrechar v\u00ednculos entre la familia y las instituciones; condici\u00f3n indispensable de toda pr\u00e1ctica de buena ense\u00f1anza. Esta complementariedad entre familias e instituciones debe ser el horizonte hacia el cual enfocar los objetivos educativos propuestos. El\/la educador\/a de ni\u00f1os\/as menores de seis a\u00f1os tiene a su vez, la responsabilidad de establecer un v\u00ednculo cercano de afecto entre adulto y ni\u00f1o\/a que permita al otro: ser, hacer, conocer y apreciar todos los lenguajes: (gestual, verbal, no verbal, art\u00edstico, l\u00fadico), as\u00ed como tambi\u00e9n acercar el conocimiento del entorno social y natural.<\/p>\n<p>Es indispensable que el\/la docente pueda anticipar las diversas dimensiones de la situaci\u00f3n de ense\u00f1anza, el modo de plantear las consignas, la elaboraci\u00f3n y selecci\u00f3n de los materiales, la organizaci\u00f3n del grupo, as\u00ed como tambi\u00e9n el uso del tiempo y el espacio; referentes fundamentales para realizar un seguimiento y evaluaci\u00f3n de la ense\u00f1anza y de los aprendizajes de los ni\u00f1os y ni\u00f1as.<\/p>\n<p>Se busca formar un\/a docente reflexivo que pueda argumentar sus decisiones y manifestarse responsable y flexible a la hora de asumir la pr\u00e1ctica compleja de educar. Es necesario que\u00a0sepa problematizar las situaciones did\u00e1cticas, as\u00ed como tambi\u00e9n las normativas y principios pedag\u00f3gicos que orientan el quehacer diario. Debe ense\u00f1ar a los ni\u00f1os y ni\u00f1as a ser aut\u00f3nomos transmitiendo sentimientos de seguridad y confianza en s\u00ed mismos, en los otros y en el mundo. Asimismo, ser\u00e1 un\/a docente que favorecer\u00e1 la alfabetizaci\u00f3n cultural ense\u00f1ando el conocimiento del entorno f\u00edsico y simb\u00f3lico y los significados y usos de objetos y producciones culturales. El educador\/a en la Educaci\u00f3n Inicial debe tender puentes mediante sus ense\u00f1anzas con el objetivo de favorecer los desarrollos culturales de los ni\u00f1os y ni\u00f1as.<\/p>\n<p>Deber\u00e1 asumir la crianza como el proceso educativo caracter\u00edstico de los primeros a\u00f1os de vida, comprometi\u00e9ndose a participar en la ense\u00f1anza de los mismos poniendo en di\u00e1logo a las instituciones educativas y familiares.<\/p>\n<p>Es necesario que afronte una tarea de permanente interrogaci\u00f3n y cuestionamiento de ciertas significaciones, concepciones sobre la infancia, el ideal de sujeto que subyace en los discursos pedag\u00f3gicos en tanto representaciones que fueron construyendo diversos actores sociales a lo largo de la historia de la educaci\u00f3n.<\/p>\n<p>Es imprescindible que el\/la docente de Educaci\u00f3n Inicial comprenda las nuevas subjetividades e identidades de ni\u00f1os y ni\u00f1as (infancias) y pueda verlos como sujetos en crecimiento y sujetos en constituci\u00f3n desde miradas socio- hist\u00f3rico, filos\u00f3fico, plural, pol\u00edtico, en clave de derechos.<\/p>\n<p>Para finalizar, el\/la docente de Educaci\u00f3n Inicial, debe asumir la responsabilidad social de educar a las infancias como quehacer p\u00fablico ofreciendo una educaci\u00f3n integral, permanente y de calidad para todos los ni\u00f1os y ni\u00f1as garantizando la igualdad, gratuidad y equidad en el ejercicio de este derecho, transform\u00e1ndose as\u00ed en el garante del cuidado y la ense\u00f1anza como una funci\u00f3n social, pol\u00edtica y pedag\u00f3gica.<\/p>\n","protected":false},"excerpt":{"rendered":"<p>Acerca de la Educaci\u00f3n Inicial, su finalidad en la Formaci\u00f3n Docente La formaci\u00f3n docente consiste en un proceso de construcci\u00f3n de sujetos \u00e9ticos, pol\u00edticos, comprometidos socialmente mediante su propio pensar, sentir y hacer con la Educaci\u00f3n Inicial. Esta construcci\u00f3n reflexiva implica una toma de conciencia a fin de recuperar el sentido del conocimiento y la &#8230; <a title=\"Profesorado de Nivel Inicial\" class=\"read-more\" href=\"https:\/\/ifdccatriel-rng.infd.edu.ar\/sitio\/profesorado-de-nivel-inicial\/\" aria-label=\"More on Profesorado de Nivel Inicial\">[+]<\/a><\/p>\n","protected":false},"author":12,"featured_media":0,"parent":0,"menu_order":0,"comment_status":"closed","ping_status":"closed","template":"","meta":[],"acf":[],"_links":{"self":[{"href":"https:\/\/ifdccatriel-rng.infd.edu.ar\/sitio\/wp-json\/wp\/v2\/pages\/830"}],"collection":[{"href":"https:\/\/ifdccatriel-rng.infd.edu.ar\/sitio\/wp-json\/wp\/v2\/pages"}],"about":[{"href":"https:\/\/ifdccatriel-rng.infd.edu.ar\/sitio\/wp-json\/wp\/v2\/types\/page"}],"author":[{"embeddable":true,"href":"https:\/\/ifdccatriel-rng.infd.edu.ar\/sitio\/wp-json\/wp\/v2\/users\/12"}],"replies":[{"embeddable":true,"href":"https:\/\/ifdccatriel-rng.infd.edu.ar\/sitio\/wp-json\/wp\/v2\/comments?post=830"}],"version-history":[{"count":5,"href":"https:\/\/ifdccatriel-rng.infd.edu.ar\/sitio\/wp-json\/wp\/v2\/pages\/830\/revisions"}],"predecessor-version":[{"id":977,"href":"https:\/\/ifdccatriel-rng.infd.edu.ar\/sitio\/wp-json\/wp\/v2\/pages\/830\/revisions\/977"}],"wp:attachment":[{"href":"https:\/\/ifdccatriel-rng.infd.edu.ar\/sitio\/wp-json\/wp\/v2\/media?parent=830"}],"curies":[{"name":"wp","href":"https:\/\/api.w.org\/{rel}","templated":true}]}}