{"id":730,"date":"2018-07-26T10:40:07","date_gmt":"2018-07-26T13:40:07","guid":{"rendered":"https:\/\/ifdccatriel-rng.infd.edu.ar\/sitio\/?page_id=730"},"modified":"2024-08-15T20:40:59","modified_gmt":"2024-08-15T23:40:59","slug":"ingresantes","status":"publish","type":"page","link":"https:\/\/ifdccatriel-rng.infd.edu.ar\/sitio\/estudiantes\/ingresantes\/","title":{"rendered":"Ingresantes"},"content":{"rendered":"<p style=\"background: white; margin: 0cm 0cm 18.0pt 0cm;\"><u><span style=\"font-size: 18.5pt; font-family: 'Arial','sans-serif'; color: #3a3a3a;\">Documentaci\u00f3n para solicitada para la inscripci\u00f3n<\/span><\/u><\/p>\n<p>Ficha de inscripci\u00f3n (extendida al momento de la inscripci\u00f3n).<\/p>\n<p>Encuesta (extendida al momento de la inscripci\u00f3n).<\/p>\n<p>Copia del D.N.I.<\/p>\n<p>copia de constancia de C.U.I.L.<\/p>\n<p>Titulo secundario: copia autenticada o constancia de titulo en tramite.<\/p>\n<p>Acta de nacimiento: copia autenticada o traer el original con la copia.<\/p>\n<p>Certificado de aptitud psico-fisico.<\/p>\n<p>Carpeta colgante<\/p>\n<p>Nuestra redes son\u00a0 Facebook e <a href=\"https:\/\/www.instagram.com\/ifdc_catriel\">instagram<\/a><\/p>\n<p>Tambi\u00e9n puedes comunicarte al correo de la instituci\u00f3n: secretaria2015@gmail.com<\/p>\n","protected":false},"excerpt":{"rendered":"<p>Documentaci\u00f3n para solicitada para la inscripci\u00f3n Ficha de inscripci\u00f3n (extendida al momento de la inscripci\u00f3n). Encuesta (extendida al momento de la inscripci\u00f3n). Copia del D.N.I. copia de constancia de C.U.I.L. Titulo secundario: copia autenticada o constancia de titulo en tramite. Acta de nacimiento: copia autenticada o traer el original con la copia. Certificado de aptitud &#8230; <a title=\"Ingresantes\" class=\"read-more\" href=\"https:\/\/ifdccatriel-rng.infd.edu.ar\/sitio\/estudiantes\/ingresantes\/\" aria-label=\"More on Ingresantes\">[+]<\/a><\/p>\n","protected":false},"author":6,"featured_media":0,"parent":692,"menu_order":0,"comment_status":"closed","ping_status":"closed","template":"","meta":[],"acf":[],"_links":{"self":[{"href":"https:\/\/ifdccatriel-rng.infd.edu.ar\/sitio\/wp-json\/wp\/v2\/pages\/730"}],"collection":[{"href":"https:\/\/ifdccatriel-rng.infd.edu.ar\/sitio\/wp-json\/wp\/v2\/pages"}],"about":[{"href":"https:\/\/ifdccatriel-rng.infd.edu.ar\/sitio\/wp-json\/wp\/v2\/types\/page"}],"author":[{"embeddable":true,"href":"https:\/\/ifdccatriel-rng.infd.edu.ar\/sitio\/wp-json\/wp\/v2\/users\/6"}],"replies":[{"embeddable":true,"href":"https:\/\/ifdccatriel-rng.infd.edu.ar\/sitio\/wp-json\/wp\/v2\/comments?post=730"}],"version-history":[{"count":9,"href":"https:\/\/ifdccatriel-rng.infd.edu.ar\/sitio\/wp-json\/wp\/v2\/pages\/730\/revisions"}],"predecessor-version":[{"id":956,"href":"https:\/\/ifdccatriel-rng.infd.edu.ar\/sitio\/wp-json\/wp\/v2\/pages\/730\/revisions\/956"}],"up":[{"embeddable":true,"href":"https:\/\/ifdccatriel-rng.infd.edu.ar\/sitio\/wp-json\/wp\/v2\/pages\/692"}],"wp:attachment":[{"href":"https:\/\/ifdccatriel-rng.infd.edu.ar\/sitio\/wp-json\/wp\/v2\/media?parent=730"}],"curies":[{"name":"wp","href":"https:\/\/api.w.org\/{rel}","templated":true}]}}