{"id":685,"date":"2018-07-25T15:06:42","date_gmt":"2018-07-25T18:06:42","guid":{"rendered":"https:\/\/ifdccatriel-rng.infd.edu.ar\/sitio\/?page_id=685"},"modified":"2024-08-15T20:15:19","modified_gmt":"2024-08-15T23:15:19","slug":"autoridades","status":"publish","type":"page","link":"https:\/\/ifdccatriel-rng.infd.edu.ar\/sitio\/institucional\/autoridades\/","title":{"rendered":"Autoridades"},"content":{"rendered":"<h4>Director Normalizador<\/h4>\n<p>Lic. GERMANIER, Gustavo Alberto.<\/p>\n<h4><span data-mce-mark=\"1\"><strong>SECRETAR\u00cdAS<\/strong><\/span><\/h4>\n<p>Secretario Administrativo:<\/p>\n<p>Lic. ROSALES, Santiago Agust\u00edn.<\/p>\n<div>Secretario de Estudiantes:<\/div>\n<div><\/div>\n<div><\/div>\n<div><\/div>\n<div>Prof. TELLO, Juan Alberto.<\/div>\n<h4><\/h4>\n<h4><\/h4>\n<h4><strong>COORDINACIONES<\/strong><\/h4>\n<p>Coordinadora de Formaci\u00f3n Permanente<\/p>\n<p>ALMENDRA, Natalia Vanesa<\/p>\n<p>Coordinadora de Investigaci\u00f3n y Extensi\u00f3n<\/p>\n<p>VIELMA SALAS, Noemi<\/p>\n<p>Coordinadora de Formaci\u00f3n Inicial<\/p>\n<p>SCHIEBELBEIN, Jorgelina Valeria<\/p>\n","protected":false},"excerpt":{"rendered":"<p>Director Normalizador Lic. GERMANIER, Gustavo Alberto. SECRETAR\u00cdAS Secretario Administrativo: Lic. ROSALES, Santiago Agust\u00edn. Secretario de Estudiantes: Prof. TELLO, Juan Alberto. COORDINACIONES Coordinadora de Formaci\u00f3n Permanente ALMENDRA, Natalia Vanesa Coordinadora de Investigaci\u00f3n y Extensi\u00f3n VIELMA SALAS, Noemi Coordinadora de Formaci\u00f3n Inicial SCHIEBELBEIN, Jorgelina Valeria<\/p>\n","protected":false},"author":6,"featured_media":0,"parent":683,"menu_order":0,"comment_status":"closed","ping_status":"closed","template":"","meta":[],"acf":[],"_links":{"self":[{"href":"https:\/\/ifdccatriel-rng.infd.edu.ar\/sitio\/wp-json\/wp\/v2\/pages\/685"}],"collection":[{"href":"https:\/\/ifdccatriel-rng.infd.edu.ar\/sitio\/wp-json\/wp\/v2\/pages"}],"about":[{"href":"https:\/\/ifdccatriel-rng.infd.edu.ar\/sitio\/wp-json\/wp\/v2\/types\/page"}],"author":[{"embeddable":true,"href":"https:\/\/ifdccatriel-rng.infd.edu.ar\/sitio\/wp-json\/wp\/v2\/users\/6"}],"replies":[{"embeddable":true,"href":"https:\/\/ifdccatriel-rng.infd.edu.ar\/sitio\/wp-json\/wp\/v2\/comments?post=685"}],"version-history":[{"count":11,"href":"https:\/\/ifdccatriel-rng.infd.edu.ar\/sitio\/wp-json\/wp\/v2\/pages\/685\/revisions"}],"predecessor-version":[{"id":949,"href":"https:\/\/ifdccatriel-rng.infd.edu.ar\/sitio\/wp-json\/wp\/v2\/pages\/685\/revisions\/949"}],"up":[{"embeddable":true,"href":"https:\/\/ifdccatriel-rng.infd.edu.ar\/sitio\/wp-json\/wp\/v2\/pages\/683"}],"wp:attachment":[{"href":"https:\/\/ifdccatriel-rng.infd.edu.ar\/sitio\/wp-json\/wp\/v2\/media?parent=685"}],"curies":[{"name":"wp","href":"https:\/\/api.w.org\/{rel}","templated":true}]}}