{"id":286,"date":"2016-10-31T13:17:59","date_gmt":"2016-10-31T16:17:59","guid":{"rendered":"https:\/\/ifdccatriel-rng.infd.edu.ar\/sitio\/?page_id=286"},"modified":"2025-10-07T18:02:42","modified_gmt":"2025-10-07T21:02:42","slug":"inicio","status":"publish","type":"page","link":"https:\/\/ifdccatriel-rng.infd.edu.ar\/sitio\/","title":{"rendered":"Principal"},"content":{"rendered":"<p>Bienvenidos al\u00a0<strong>IFDC de Catriel<\/strong>, una instituci\u00f3n educativa comprometida con la formaci\u00f3n de profesionales en el nivel inicial, brindando herramientas pedag\u00f3gicas innovadoras y una s\u00f3lida base te\u00f3rico-pr\u00e1ctica para futuros docentes.<\/p>\n<p>Desde la institucion creemos en el poder transformador de la educaci\u00f3n inicial y formamos docentes capaces de inspirar, guiar y acompa\u00f1ar a los m\u00e1s peque\u00f1os en sus primeros pasos de aprendizaje.<\/p>\n<p>\u00a1Sumate a nuestra comunidad educativa y s\u00e9 parte del futuro de la educaci\u00f3n!<\/p>\n<p>&nbsp;<\/p>\n<p><style>  \n        body {  \n            font-family: Arial, sans-serif;  \n            margin: 0;  \n            padding: 20px;  \n            background-color: #f4f4f4;  \n        }  \n        .container {  \n            display: flex;  \n            justify-content: space-between;  \n        }  \n        .column {  \n            flex: 1;  \n            margin: 0 10px;  \n            background-color: #fff;  \n            padding: 10px;  \n            border-radius: 5px;  \n            box-shadow: 0 2px 5px rgba(0, 0, 0, 0.1);  \n        }  \n        img {  \n            max-width: 100%;  \n            height: auto;  \n            border-radius: 5px;  \n        }  \n        .description {  \n            margin-top: 10px;  \n            text-align: center;  \n        }  \n    <\/style>\n<\/p>\n<div class=\"container\">\n<div class=\"column\"><a class=\"image-link\" href=\"https:\/\/formacion-permanente-catriel1.webnode.page\/\" target=\"_blank\" rel=\"noopener\"> <img decoding=\"async\" src=\"https:\/\/ifdccatriel-rng.infd.edu.ar\/sitio\/wp-content\/uploads\/2024\/10\/formacionpermanente.png\" alt=\"Formaci\u00f3n Permanente\" \/> <\/a><\/p>\n<div class=\"description\">Aqui encontraras todas actividades que se realizan y realizaron<\/div>\n<\/div>\n<div class=\"column\"><a class=\"image-link\" href=\"https:\/\/vocesconhistorias.webnode.page\/\" target=\"_blank\" rel=\"noopener\"><img decoding=\"async\" src=\"https:\/\/ifdccatriel-rng.infd.edu.ar\/sitio\/wp-content\/uploads\/2024\/10\/Investigacion-y-Extension-1.png\" alt=\"Coordinaci\u00f3n de Investigaci\u00f3n y Extenci\u00f3n\" \/><\/a><\/p>\n<div class=\"description\">Coordinaci\u00f3n de Investigaci\u00f3n y Extensi\u00f3n<\/div>\n<\/div>\n<\/div>\n","protected":false},"excerpt":{"rendered":"<p>Bienvenidos al\u00a0IFDC de Catriel, una instituci\u00f3n educativa comprometida con la formaci\u00f3n de profesionales en el nivel inicial, brindando herramientas pedag\u00f3gicas innovadoras y una s\u00f3lida base te\u00f3rico-pr\u00e1ctica para futuros docentes. Desde la institucion creemos en el poder transformador de la educaci\u00f3n inicial y formamos docentes capaces de inspirar, guiar y acompa\u00f1ar a los m\u00e1s peque\u00f1os en &#8230; <a title=\"Principal\" class=\"read-more\" href=\"https:\/\/ifdccatriel-rng.infd.edu.ar\/sitio\/\" aria-label=\"More on Principal\">[+]<\/a><\/p>\n","protected":false},"author":12,"featured_media":0,"parent":0,"menu_order":1,"comment_status":"closed","ping_status":"closed","template":"","meta":[],"acf":[],"_links":{"self":[{"href":"https:\/\/ifdccatriel-rng.infd.edu.ar\/sitio\/wp-json\/wp\/v2\/pages\/286"}],"collection":[{"href":"https:\/\/ifdccatriel-rng.infd.edu.ar\/sitio\/wp-json\/wp\/v2\/pages"}],"about":[{"href":"https:\/\/ifdccatriel-rng.infd.edu.ar\/sitio\/wp-json\/wp\/v2\/types\/page"}],"author":[{"embeddable":true,"href":"https:\/\/ifdccatriel-rng.infd.edu.ar\/sitio\/wp-json\/wp\/v2\/users\/12"}],"replies":[{"embeddable":true,"href":"https:\/\/ifdccatriel-rng.infd.edu.ar\/sitio\/wp-json\/wp\/v2\/comments?post=286"}],"version-history":[{"count":134,"href":"https:\/\/ifdccatriel-rng.infd.edu.ar\/sitio\/wp-json\/wp\/v2\/pages\/286\/revisions"}],"predecessor-version":[{"id":1193,"href":"https:\/\/ifdccatriel-rng.infd.edu.ar\/sitio\/wp-json\/wp\/v2\/pages\/286\/revisions\/1193"}],"wp:attachment":[{"href":"https:\/\/ifdccatriel-rng.infd.edu.ar\/sitio\/wp-json\/wp\/v2\/media?parent=286"}],"curies":[{"name":"wp","href":"https:\/\/api.w.org\/{rel}","templated":true}]}}