{"id":1173,"date":"2025-09-14T02:58:20","date_gmt":"2025-09-14T05:58:20","guid":{"rendered":"https:\/\/ifdccatriel-rng.infd.edu.ar\/sitio\/?page_id=1173"},"modified":"2025-09-14T02:58:21","modified_gmt":"2025-09-14T05:58:21","slug":"docencia-en-juego-2","status":"publish","type":"page","link":"https:\/\/ifdccatriel-rng.infd.edu.ar\/sitio\/docencia-en-juego-2\/","title":{"rendered":"Docencia en juego"},"content":{"rendered":"\n<p>Las estudiantes de 4to a\u00f1o del IFDC Catriel realizaron una comedia musical denominada \u201cHab\u00eda una vez una canci\u00f3n\u2026\u201d enmarcada en el Seminario de Arte y Cultura, a cargo de las profesoras Mar\u00eda Elena Schmidt y Macarena Gamboa Cocuzza. La misma fue producto de un proyecto de gesti\u00f3n cultural que ellas propusieron y llevaron a cabo bajo la problem\u00e1tica de ausencia de un teatro en la localidad con presencia de obras teatrales y musicales recurrentes. El p\u00fablico en esta ocasi\u00f3n fue infantil de los jardines de la localidad, quienes disfrutaron y vivenciaron una hermosa experiencia\u00a0est\u00e9tica.<\/p>\n\n\n\n<figure class=\"wp-block-gallery has-nested-images columns-default is-cropped wp-block-gallery-1 is-layout-flex\">\n<figure class=\"wp-block-image size-large\"><img decoding=\"async\" loading=\"lazy\" width=\"960\" height=\"1280\" data-id=\"1177\"  src=\"https:\/\/ifdccatriel-rng.infd.edu.ar\/sitio\/wp-content\/uploads\/2025\/09\/IMG-20250913-WA0036.jpg\" alt=\"\" class=\"wp-image-1177\" srcset=\"https:\/\/ifdccatriel-rng.infd.edu.ar\/sitio\/wp-content\/uploads\/2025\/09\/IMG-20250913-WA0036.jpg 960w, https:\/\/ifdccatriel-rng.infd.edu.ar\/sitio\/wp-content\/uploads\/2025\/09\/IMG-20250913-WA0036-750x1000.jpg 750w, https:\/\/ifdccatriel-rng.infd.edu.ar\/sitio\/wp-content\/uploads\/2025\/09\/IMG-20250913-WA0036-768x1024.jpg 768w\" sizes=\"(max-width: 960px) 100vw, 960px\" \/><\/figure>\n\n\n\n<figure class=\"wp-block-image size-large\"><img decoding=\"async\" loading=\"lazy\" width=\"720\" height=\"1280\" data-id=\"1181\"  src=\"https:\/\/ifdccatriel-rng.infd.edu.ar\/sitio\/wp-content\/uploads\/2025\/09\/IMG-20250913-WA0040.jpg\" alt=\"\" class=\"wp-image-1181\" srcset=\"https:\/\/ifdccatriel-rng.infd.edu.ar\/sitio\/wp-content\/uploads\/2025\/09\/IMG-20250913-WA0040.jpg 720w, https:\/\/ifdccatriel-rng.infd.edu.ar\/sitio\/wp-content\/uploads\/2025\/09\/IMG-20250913-WA0040-563x1000.jpg 563w\" sizes=\"(max-width: 720px) 100vw, 720px\" \/><\/figure>\n\n\n\n<figure class=\"wp-block-image size-large\"><img decoding=\"async\" loading=\"lazy\" width=\"1280\" height=\"720\" data-id=\"1180\"  src=\"https:\/\/ifdccatriel-rng.infd.edu.ar\/sitio\/wp-content\/uploads\/2025\/09\/IMG-20250913-WA0039.jpg\" alt=\"\" class=\"wp-image-1180\" srcset=\"https:\/\/ifdccatriel-rng.infd.edu.ar\/sitio\/wp-content\/uploads\/2025\/09\/IMG-20250913-WA0039.jpg 1280w, https:\/\/ifdccatriel-rng.infd.edu.ar\/sitio\/wp-content\/uploads\/2025\/09\/IMG-20250913-WA0039-1000x563.jpg 1000w, https:\/\/ifdccatriel-rng.infd.edu.ar\/sitio\/wp-content\/uploads\/2025\/09\/IMG-20250913-WA0039-768x432.jpg 768w\" sizes=\"(max-width: 1280px) 100vw, 1280px\" \/><\/figure>\n\n\n\n<figure class=\"wp-block-image size-large\"><img decoding=\"async\" loading=\"lazy\" width=\"1280\" height=\"720\" data-id=\"1179\"  src=\"https:\/\/ifdccatriel-rng.infd.edu.ar\/sitio\/wp-content\/uploads\/2025\/09\/IMG-20250913-WA0038.jpg\" alt=\"\" class=\"wp-image-1179\" srcset=\"https:\/\/ifdccatriel-rng.infd.edu.ar\/sitio\/wp-content\/uploads\/2025\/09\/IMG-20250913-WA0038.jpg 1280w, https:\/\/ifdccatriel-rng.infd.edu.ar\/sitio\/wp-content\/uploads\/2025\/09\/IMG-20250913-WA0038-1000x563.jpg 1000w, https:\/\/ifdccatriel-rng.infd.edu.ar\/sitio\/wp-content\/uploads\/2025\/09\/IMG-20250913-WA0038-768x432.jpg 768w\" sizes=\"(max-width: 1280px) 100vw, 1280px\" \/><\/figure>\n\n\n\n<figure class=\"wp-block-image size-large\"><img decoding=\"async\" loading=\"lazy\" width=\"1280\" height=\"720\" data-id=\"1178\"  src=\"https:\/\/ifdccatriel-rng.infd.edu.ar\/sitio\/wp-content\/uploads\/2025\/09\/IMG-20250913-WA0037.jpg\" alt=\"\" class=\"wp-image-1178\" srcset=\"https:\/\/ifdccatriel-rng.infd.edu.ar\/sitio\/wp-content\/uploads\/2025\/09\/IMG-20250913-WA0037.jpg 1280w, https:\/\/ifdccatriel-rng.infd.edu.ar\/sitio\/wp-content\/uploads\/2025\/09\/IMG-20250913-WA0037-1000x563.jpg 1000w, https:\/\/ifdccatriel-rng.infd.edu.ar\/sitio\/wp-content\/uploads\/2025\/09\/IMG-20250913-WA0037-768x432.jpg 768w\" sizes=\"(max-width: 1280px) 100vw, 1280px\" \/><\/figure>\n\n\n\n<figure class=\"wp-block-image size-large\"><img decoding=\"async\" loading=\"lazy\" width=\"1280\" height=\"720\" data-id=\"1176\"  src=\"https:\/\/ifdccatriel-rng.infd.edu.ar\/sitio\/wp-content\/uploads\/2025\/09\/IMG-20250913-WA0042.jpg\" alt=\"\" class=\"wp-image-1176\" srcset=\"https:\/\/ifdccatriel-rng.infd.edu.ar\/sitio\/wp-content\/uploads\/2025\/09\/IMG-20250913-WA0042.jpg 1280w, https:\/\/ifdccatriel-rng.infd.edu.ar\/sitio\/wp-content\/uploads\/2025\/09\/IMG-20250913-WA0042-1000x563.jpg 1000w, https:\/\/ifdccatriel-rng.infd.edu.ar\/sitio\/wp-content\/uploads\/2025\/09\/IMG-20250913-WA0042-768x432.jpg 768w\" sizes=\"(max-width: 1280px) 100vw, 1280px\" \/><\/figure>\n<\/figure>\n","protected":false},"excerpt":{"rendered":"<p>Las estudiantes de 4to a\u00f1o del IFDC Catriel realizaron una comedia musical denominada \u201cHab\u00eda una vez una canci\u00f3n\u2026\u201d enmarcada en el Seminario de Arte y Cultura, a cargo de las profesoras Mar\u00eda Elena Schmidt y Macarena Gamboa Cocuzza. La misma fue producto de un proyecto de gesti\u00f3n cultural que ellas propusieron y llevaron a cabo &#8230; <a title=\"Docencia en juego\" class=\"read-more\" href=\"https:\/\/ifdccatriel-rng.infd.edu.ar\/sitio\/docencia-en-juego-2\/\" aria-label=\"More on Docencia en juego\">[+]<\/a><\/p>\n","protected":false},"author":12,"featured_media":0,"parent":0,"menu_order":0,"comment_status":"closed","ping_status":"closed","template":"","meta":[],"acf":[],"_links":{"self":[{"href":"https:\/\/ifdccatriel-rng.infd.edu.ar\/sitio\/wp-json\/wp\/v2\/pages\/1173"}],"collection":[{"href":"https:\/\/ifdccatriel-rng.infd.edu.ar\/sitio\/wp-json\/wp\/v2\/pages"}],"about":[{"href":"https:\/\/ifdccatriel-rng.infd.edu.ar\/sitio\/wp-json\/wp\/v2\/types\/page"}],"author":[{"embeddable":true,"href":"https:\/\/ifdccatriel-rng.infd.edu.ar\/sitio\/wp-json\/wp\/v2\/users\/12"}],"replies":[{"embeddable":true,"href":"https:\/\/ifdccatriel-rng.infd.edu.ar\/sitio\/wp-json\/wp\/v2\/comments?post=1173"}],"version-history":[{"count":1,"href":"https:\/\/ifdccatriel-rng.infd.edu.ar\/sitio\/wp-json\/wp\/v2\/pages\/1173\/revisions"}],"predecessor-version":[{"id":1182,"href":"https:\/\/ifdccatriel-rng.infd.edu.ar\/sitio\/wp-json\/wp\/v2\/pages\/1173\/revisions\/1182"}],"wp:attachment":[{"href":"https:\/\/ifdccatriel-rng.infd.edu.ar\/sitio\/wp-json\/wp\/v2\/media?parent=1173"}],"curies":[{"name":"wp","href":"https:\/\/api.w.org\/{rel}","templated":true}]}}